{"id":107,"date":"2018-01-20T12:06:09","date_gmt":"2018-01-20T12:06:09","guid":{"rendered":"http:\/\/wp.suehayward.de\/?page_id=107"},"modified":"2020-04-01T11:23:22","modified_gmt":"2020-04-01T11:23:22","slug":"press-and-texts","status":"publish","type":"page","link":"https:\/\/suehayward.de\/en\/press-and-texts\/","title":{"rendered":"Press and Texts"},"content":{"rendered":"<p style=\"text-align: center; padding-bottom: 1rem;\"><strong>Texts<br \/>\n<\/strong><\/p>\n<p style=\"text-align: center;\"><a href=\"http:\/\/suehayward.de\/press-and-texts\/a-willingness-for-true-encounters\/\"><em>&#8220;A Willingness for True Encounters&#8221;<\/em><\/a><br \/>\nSue Hayward in the Georg Scholz-Haus Waldkirch, Germany<br \/>\nOpening speech from Stefan Tolksdorf<\/p>\n<p style=\"text-align: center;\"><a href=\"http:\/\/suehayward.de\/wp-content\/uploads\/2018\/01\/hayward_remaining_mysteries.pdf\"><em>&#8220;Remaining Mysteries \u2013 about Sue Haywards Art&#8221;<\/em><\/a><br \/>\nAn article from Gerhard Charles Rump<\/p>\n<p style=\"text-align: center; padding: 1rem 0;\"><strong>Press<\/strong><\/p>\n<p style=\"text-align: center;\"><a href=\"https:\/\/www.moz.de\/artikel-ansicht\/dg\/0\/1\/1633024\/\">&#8220;Zwischen Transparenz und Schatten&#8221;, M\u00e4rkische Oderzeitung, 23.01.2018<\/a><\/p>\n<p style=\"text-align: center;\"><a href=\"http:\/\/suehayward.de\/wp-content\/uploads\/2018\/01\/kuenstler_der_woche.pdf\">&#8220;K\u00fcnstler der Woche&#8221;, H\u00f6hler Biennale, 29.08.2017<\/a><\/p>\n<p style=\"text-align: center; padding-bottom: 1rem;\"><a href=\"http:\/\/suehayward.de\/wp-content\/uploads\/2018\/01\/presse_biennale_welt.pdf\">&#8220;H\u00f6hlengleichnis gesucht, Knoff-Hoff-Show gefunden&#8221;, Die Welt, 29.06.2017<\/a><\/p>\n<p style=\"text-align: center;\"><a href=\"http:\/\/suehayward.de\/wp-content\/uploads\/2018\/01\/hayward_der_sonntag.pdf\">Der Sonntag 10.04.2016<\/a><\/p>\n<p style=\"text-align: center;\"><a href=\"http:\/\/suehayward.de\/wp-content\/uploads\/2018\/01\/hayward_badische_zeitung_stil_aus_mehreren_kulturen.pdf\">Badische Zeitung 02.04.2016<\/a><\/p>\n<p style=\"text-align: center; padding-bottom: 1rem;\"><a href=\"http:\/\/suehayward.de\/wp-content\/uploads\/2018\/01\/hayward_badische_zeitung_subject_to_change.pdf\">Badische Zeitung 01.04.2016<\/a><\/p>\n<p style=\"text-align: center; padding-bottom: 1rem;\"><a href=\"http:\/\/suehayward.de\/wp-content\/uploads\/2018\/01\/tip_berlin.pdf\">Tip Berlin 11.06.2014<\/a><\/p>\n<p style=\"text-align: center;\"><a href=\"http:\/\/suehayward.de\/wp-content\/uploads\/2018\/01\/luebbener_rundschau.pdf\">L\u00fcbbener Rundschau 23.05.2013<\/a><\/p>\n<p style=\"text-align: center;\"><a href=\"http:\/\/www.moz.de\/artikel-ansicht\/dg\/0\/1\/1139242\">M\u00e4rkische Oderzeitung 23.04.2013<\/a><\/p>\n<p style=\"text-align: center; padding-bottom: 1rem;\"><a href=\"http:\/\/www.stk.brandenburg.de\/sixcms\/detail.php\/bb1.c.328594.de\">Staatskanzlei Brandenburg 22.04.2013<\/a><\/p>\n<p style=\"text-align: center;\"><a href=\"http:\/\/suehayward.de\/wp-content\/uploads\/2018\/01\/20101013_berliner_woche.pdf\">Berliner Woche 13.10.2010<\/a><\/p>\n<p style=\"text-align: center;\"><a href=\"http:\/\/suehayward.de\/wp-content\/uploads\/2018\/01\/20100325_mopo.pdf\">Berliner Morgenpost 25.03.2010<\/a><\/p>\n<p style=\"text-align: center; padding-bottom: 1rem;\"><a href=\"http:\/\/suehayward.de\/wp-content\/uploads\/2018\/01\/20100311_BerZ_Verwirr.pdf\">Berliner Zeitung 11.03.2010<\/a><\/p>\n<p style=\"text-align: center;\"><a href=\"http:\/\/suehayward.de\/wp-content\/uploads\/2018\/01\/hayward_das_globale_spiel.pdf\">Regioartline&gt;Kunstportal 22.10.2008<\/a><\/p>\n<p style=\"text-align: center; padding-bottom: 1rem;\"><a href=\"http:\/\/suehayward.de\/wp-content\/uploads\/2018\/01\/suedkurier.pdf\">S\u00fcdkurier 07.11.2008<\/a><\/p>\n<p style=\"text-align: center;\"><a href=\"http:\/\/suehayward.de\/press-and-texts\/berliner-zeitung-25-04-2007\/\">Berliner Zeitung 25.04.2007<\/a><\/p>\n<p style=\"text-align: center; padding-bottom: 1rem;\"><a href=\"http:\/\/suehayward.de\/press-and-texts\/herborner-tageblatt-26-02-2007\/\">Herborner Tageblatt 26.02.2007<\/a><\/p>\n<p style=\"text-align: center;\"><a href=\"http:\/\/suehayward.de\/press-and-texts\/die-welt-20-05-2006\/\">Die Welt 20.05.2006<\/a><\/p>\n<p style=\"text-align: center; padding-bottom: 1rem;\"><a href=\"http:\/\/suehayward.de\/press-and-texts\/berliner-morgenpost-04-05-2006\/\">Berliner Morgenpost 04.05.2006<\/a><\/p>\n<p style=\"text-align: center;\"><a href=\"http:\/\/suehayward.de\/press-and-texts\/die-welt-04-06-2004\/\">Die Welt 04.06.2004<\/a><\/p>\n<p style=\"text-align: center; padding-bottom: 1rem;\"><a href=\"http:\/\/suehayward.de\/press-and-texts\/die-welt-19-03-2004\/\">Die Welt 19.03.2004<\/a><\/p>\n","protected":false},"excerpt":{"rendered":"<p>Texts &#8220;A Willingness for True Encounters&#8221; Sue Hayward in the Georg Scholz-Haus Waldkirch, Germany Opening speech from Stefan Tolksdorf &#8220;Remaining Mysteries \u2013 about Sue Haywards Art&#8221; An article from Gerhard Charles Rump Press &#8220;Zwischen Transparenz und Schatten&#8221;, M\u00e4rkische Oderzeitung, 23.01.2018 &#8220;K\u00fcnstler der Woche&#8221;, H\u00f6hler Biennale, 29.08.2017 &#8220;H\u00f6hlengleichnis gesucht, Knoff-Hoff-Show gefunden&#8221;, Die Welt, 29.06.2017 Der Sonntag [&hellip;]<\/p>\n","protected":false},"author":1,"featured_media":0,"parent":0,"menu_order":0,"comment_status":"closed","ping_status":"closed","template":"","meta":[],"translation":{"provider":"WPGlobus","version":"3.0.1","language":"en","enabled_languages":["de","en"],"languages":{"de":{"title":true,"content":true,"excerpt":false},"en":{"title":true,"content":true,"excerpt":false}}},"_links":{"self":[{"href":"https:\/\/suehayward.de\/en\/wp-json\/wp\/v2\/pages\/107"}],"collection":[{"href":"https:\/\/suehayward.de\/en\/wp-json\/wp\/v2\/pages"}],"about":[{"href":"https:\/\/suehayward.de\/en\/wp-json\/wp\/v2\/types\/page"}],"author":[{"embeddable":true,"href":"https:\/\/suehayward.de\/en\/wp-json\/wp\/v2\/users\/1"}],"replies":[{"embeddable":true,"href":"https:\/\/suehayward.de\/en\/wp-json\/wp\/v2\/comments?post=107"}],"version-history":[{"count":34,"href":"https:\/\/suehayward.de\/en\/wp-json\/wp\/v2\/pages\/107\/revisions"}],"predecessor-version":[{"id":868,"href":"https:\/\/suehayward.de\/en\/wp-json\/wp\/v2\/pages\/107\/revisions\/868"}],"wp:attachment":[{"href":"https:\/\/suehayward.de\/en\/wp-json\/wp\/v2\/media?parent=107"}],"curies":[{"name":"wp","href":"https:\/\/api.w.org\/{rel}","templated":true}]}}